{"id":10906,"date":"2024-01-26T13:05:09","date_gmt":"2024-01-26T12:05:09","guid":{"rendered":"https:\/\/ralupaint.it\/?post_type=product&#038;p=10906"},"modified":"2024-03-28T14:54:55","modified_gmt":"2024-03-28T13:54:55","slug":"king-deer-re-del-bosco-ralupaint","status":"publish","type":"product","link":"https:\/\/ralupaint.it\/eng\/opere\/king-deer-re-del-bosco-ralupaint\/","title":{"rendered":"King Deer"},"content":{"rendered":"<ul>\n<li>Cotton canvas for colouring factory<\/li>\n<li>Mixed media canvas made with strukturepaste as a base, acrylic colours, gold leaf and natural elements (wood)<\/li>\n<li>Transparent sealant varnish<\/li>\n<\/ul>\n<p>The meetness and elegance of this animal are exalted by poets and painters. Its long horns, like branches of trees that are periodically renewed, have made it an emblem of life. Symbol of royalty, the King of the Woods... His Masty the Deer.<\/p>\n<p>&nbsp;<\/p>\n<p><strong><em>Certificate of authenticity included<\/em><\/strong><\/p>","protected":false},"excerpt":{"rendered":"<div>Mixed technique made with strukturepaste as a base, acrylic colours, gold leaf and natural elements (wood).<\/div>\n<div>\n<p>&nbsp;<\/p>\n<div class=\"qodef-m-button\"><span class=\"qodef-m-text\" style=\"margin: -7px 0px 0px;\"><a class=\"qodef-shortcode qodef-m qodef-button qodef-layout--outlined qodef-html--link\" style=\"margin: -7px 0px 0px 0px;\" href=\"mailto:info@ralupaint.it\" target=\"_self\" rel=\"noopener\">Ask for Information<\/a><\/span><\/div>\n<\/div>","protected":false},"featured_media":11010,"template":"","meta":{"_monsterinsights_skip_tracking":false,"_monsterinsights_sitenote_active":false,"_monsterinsights_sitenote_note":"","_monsterinsights_sitenote_category":0},"product_brand":[],"product_cat":[74,230,73,193,156,91,114,89,78,75,76,81,77],"product_tag":[231,129,232,126,124,151,138,210,162,175,119,169,118,195,140],"class_list":{"0":"post-10906","1":"product","2":"type-product","3":"status-publish","4":"has-post-thumbnail","6":"product_cat-acrilico","7":"product_cat-animale","8":"product_cat-bianco","9":"product_cat-elementi-naturali","10":"product_cat-figurativo","11":"product_cat-foglia-doro","12":"product_cat-legno","13":"product_cat-materico","14":"product_cat-multicolor","15":"product_cat-nero","16":"product_cat-oro","17":"product_cat-rosso","18":"product_cat-tecnica-mista","19":"product_tag-animale","20":"product_tag-arte-materica-figurativa","21":"product_tag-cervo","22":"product_tag-colori-acrilici","23":"product_tag-elementi-naturali","24":"product_tag-foglia-doro","25":"product_tag-gold","26":"product_tag-legno","27":"product_tag-nero","28":"product_tag-oro","29":"product_tag-portfolio","30":"product_tag-quadro-materico-figurativo","31":"product_tag-ralu-paint","32":"product_tag-rosso","33":"product_tag-white","35":"first","36":"instock","37":"sold-individually","38":"shipping-taxable","39":"purchasable","40":"product-type-simple"},"yoast_head":"<!-- This site is optimized with the Yoast SEO plugin v25.1 - https:\/\/yoast.com\/wordpress\/plugins\/seo\/ -->\n<title>Re del Bosco - King Deer - Ralu Paint<\/title>\n<meta name=\"description\" content=\"Il Re del Bosco. Con la sua eleganza \u00e8 emblema di regalit\u00e0, sua Maest\u00e0 King Deer. Quadro materico figurativo realizzato con legno.\" \/>\n<meta name=\"robots\" content=\"index, follow, max-snippet:-1, max-image-preview:large, max-video-preview:-1\" \/>\n<link rel=\"canonical\" href=\"https:\/\/ralupaint.it\/eng\/opere\/king-deer-re-del-bosco-ralupaint\/\" \/>\n<meta property=\"og:locale\" content=\"en_GB\" \/>\n<meta property=\"og:type\" content=\"article\" \/>\n<meta property=\"og:title\" content=\"Re del Bosco - King Deer - Ralu Paint\" \/>\n<meta property=\"og:description\" content=\"Il Re del Bosco. Con la sua eleganza \u00e8 emblema di regalit\u00e0, sua Maest\u00e0 King Deer. Quadro materico figurativo realizzato con legno.\" \/>\n<meta property=\"og:url\" content=\"https:\/\/ralupaint.it\/eng\/opere\/king-deer-re-del-bosco-ralupaint\/\" \/>\n<meta property=\"og:site_name\" content=\"Ralu Paint\" \/>\n<meta property=\"article:publisher\" content=\"https:\/\/www.facebook.com\/profile.php?id=100063968623479\" \/>\n<meta property=\"article:modified_time\" content=\"2024-03-28T13:54:55+00:00\" \/>\n<meta property=\"og:image\" content=\"https:\/\/ralupaint.it\/wp-content\/uploads\/2024\/01\/IMG_5102-scaled.jpeg\" \/>\n\t<meta property=\"og:image:width\" content=\"1920\" \/>\n\t<meta property=\"og:image:height\" content=\"2560\" \/>\n\t<meta property=\"og:image:type\" content=\"image\/jpeg\" \/>\n<meta name=\"twitter:card\" content=\"summary_large_image\" \/>\n<meta name=\"twitter:label1\" content=\"Estimated reading time\" \/>\n\t<meta name=\"twitter:data1\" content=\"1 minute\" \/>\n<script type=\"application\/ld+json\" class=\"yoast-schema-graph\">{\"@context\":\"https:\/\/schema.org\",\"@graph\":[{\"@type\":\"WebPage\",\"@id\":\"https:\/\/ralupaint.it\/opere\/king-deer-re-del-bosco-ralupaint\/\",\"url\":\"https:\/\/ralupaint.it\/opere\/king-deer-re-del-bosco-ralupaint\/\",\"name\":\"Re del Bosco - King Deer - Ralu Paint\",\"isPartOf\":{\"@id\":\"https:\/\/ralupaint.it\/#website\"},\"primaryImageOfPage\":{\"@id\":\"https:\/\/ralupaint.it\/opere\/king-deer-re-del-bosco-ralupaint\/#primaryimage\"},\"image\":{\"@id\":\"https:\/\/ralupaint.it\/opere\/king-deer-re-del-bosco-ralupaint\/#primaryimage\"},\"thumbnailUrl\":\"https:\/\/ralupaint.it\/wp-content\/uploads\/2024\/01\/IMG_5102-scaled.jpeg\",\"datePublished\":\"2024-01-26T12:05:09+00:00\",\"dateModified\":\"2024-03-28T13:54:55+00:00\",\"description\":\"Il Re del Bosco. Con la sua eleganza \u00e8 emblema di regalit\u00e0, sua Maest\u00e0 King Deer. Quadro materico figurativo realizzato con legno.\",\"breadcrumb\":{\"@id\":\"https:\/\/ralupaint.it\/opere\/king-deer-re-del-bosco-ralupaint\/#breadcrumb\"},\"inLanguage\":\"en-GB\",\"potentialAction\":[{\"@type\":\"ReadAction\",\"target\":[\"https:\/\/ralupaint.it\/opere\/king-deer-re-del-bosco-ralupaint\/\"]}]},{\"@type\":\"ImageObject\",\"inLanguage\":\"en-GB\",\"@id\":\"https:\/\/ralupaint.it\/opere\/king-deer-re-del-bosco-ralupaint\/#primaryimage\",\"url\":\"https:\/\/ralupaint.it\/wp-content\/uploads\/2024\/01\/IMG_5102-scaled.jpeg\",\"contentUrl\":\"https:\/\/ralupaint.it\/wp-content\/uploads\/2024\/01\/IMG_5102-scaled.jpeg\",\"width\":1920,\"height\":2560,\"caption\":\"Re del bosco\"},{\"@type\":\"BreadcrumbList\",\"@id\":\"https:\/\/ralupaint.it\/opere\/king-deer-re-del-bosco-ralupaint\/#breadcrumb\",\"itemListElement\":[{\"@type\":\"ListItem\",\"position\":1,\"name\":\"Home\",\"item\":\"https:\/\/ralupaint.it\/\"},{\"@type\":\"ListItem\",\"position\":2,\"name\":\"Shop\",\"item\":\"https:\/\/ralupaint.it\/shop-acquista-commissiona-quadro\/\"},{\"@type\":\"ListItem\",\"position\":3,\"name\":\"King Deer\"}]},{\"@type\":\"WebSite\",\"@id\":\"https:\/\/ralupaint.it\/#website\",\"url\":\"https:\/\/ralupaint.it\/\",\"name\":\"Ralu Paint\",\"description\":\"Innovation is stART - Quadri Materici e Figurativi\",\"publisher\":{\"@id\":\"https:\/\/ralupaint.it\/#organization\"},\"potentialAction\":[{\"@type\":\"SearchAction\",\"target\":{\"@type\":\"EntryPoint\",\"urlTemplate\":\"https:\/\/ralupaint.it\/?s={search_term_string}\"},\"query-input\":{\"@type\":\"PropertyValueSpecification\",\"valueRequired\":true,\"valueName\":\"search_term_string\"}}],\"inLanguage\":\"en-GB\"},{\"@type\":\"Organization\",\"@id\":\"https:\/\/ralupaint.it\/#organization\",\"name\":\"Ralu Paint\",\"url\":\"https:\/\/ralupaint.it\/\",\"logo\":{\"@type\":\"ImageObject\",\"inLanguage\":\"en-GB\",\"@id\":\"https:\/\/ralupaint.it\/#\/schema\/logo\/image\/\",\"url\":\"https:\/\/ralupaint.it\/wp-content\/uploads\/2022\/02\/cropped-Ralu_logo.png\",\"contentUrl\":\"https:\/\/ralupaint.it\/wp-content\/uploads\/2022\/02\/cropped-Ralu_logo.png\",\"width\":512,\"height\":512,\"caption\":\"Ralu Paint\"},\"image\":{\"@id\":\"https:\/\/ralupaint.it\/#\/schema\/logo\/image\/\"},\"sameAs\":[\"https:\/\/www.facebook.com\/profile.php?id=100063968623479\",\"https:\/\/www.pinterest.it\/ralu_paint\/\",\"https:\/\/instagram.com\/ralu_paint\"]}]}<\/script>\n<!-- \/ Yoast SEO plugin. -->","yoast_head_json":{"title":"Re del Bosco - King Deer - Ralu Paint","description":"Il Re del Bosco. Con la sua eleganza \u00e8 emblema di regalit\u00e0, sua Maest\u00e0 King Deer. Quadro materico figurativo realizzato con legno.","robots":{"index":"index","follow":"follow","max-snippet":"max-snippet:-1","max-image-preview":"max-image-preview:large","max-video-preview":"max-video-preview:-1"},"canonical":"https:\/\/ralupaint.it\/eng\/opere\/king-deer-re-del-bosco-ralupaint\/","og_locale":"en_GB","og_type":"article","og_title":"Re del Bosco - King Deer - Ralu Paint","og_description":"Il Re del Bosco. Con la sua eleganza \u00e8 emblema di regalit\u00e0, sua Maest\u00e0 King Deer. Quadro materico figurativo realizzato con legno.","og_url":"https:\/\/ralupaint.it\/eng\/opere\/king-deer-re-del-bosco-ralupaint\/","og_site_name":"Ralu Paint","article_publisher":"https:\/\/www.facebook.com\/profile.php?id=100063968623479","article_modified_time":"2024-03-28T13:54:55+00:00","og_image":[{"width":1920,"height":2560,"url":"https:\/\/ralupaint.it\/wp-content\/uploads\/2024\/01\/IMG_5102-scaled.jpeg","type":"image\/jpeg"}],"twitter_card":"summary_large_image","twitter_misc":{"Estimated reading time":"1 minute"},"schema":{"@context":"https:\/\/schema.org","@graph":[{"@type":"WebPage","@id":"https:\/\/ralupaint.it\/opere\/king-deer-re-del-bosco-ralupaint\/","url":"https:\/\/ralupaint.it\/opere\/king-deer-re-del-bosco-ralupaint\/","name":"Re del Bosco - King Deer - Ralu Paint","isPartOf":{"@id":"https:\/\/ralupaint.it\/#website"},"primaryImageOfPage":{"@id":"https:\/\/ralupaint.it\/opere\/king-deer-re-del-bosco-ralupaint\/#primaryimage"},"image":{"@id":"https:\/\/ralupaint.it\/opere\/king-deer-re-del-bosco-ralupaint\/#primaryimage"},"thumbnailUrl":"https:\/\/ralupaint.it\/wp-content\/uploads\/2024\/01\/IMG_5102-scaled.jpeg","datePublished":"2024-01-26T12:05:09+00:00","dateModified":"2024-03-28T13:54:55+00:00","description":"Il Re del Bosco. Con la sua eleganza \u00e8 emblema di regalit\u00e0, sua Maest\u00e0 King Deer. Quadro materico figurativo realizzato con legno.","breadcrumb":{"@id":"https:\/\/ralupaint.it\/opere\/king-deer-re-del-bosco-ralupaint\/#breadcrumb"},"inLanguage":"en-GB","potentialAction":[{"@type":"ReadAction","target":["https:\/\/ralupaint.it\/opere\/king-deer-re-del-bosco-ralupaint\/"]}]},{"@type":"ImageObject","inLanguage":"en-GB","@id":"https:\/\/ralupaint.it\/opere\/king-deer-re-del-bosco-ralupaint\/#primaryimage","url":"https:\/\/ralupaint.it\/wp-content\/uploads\/2024\/01\/IMG_5102-scaled.jpeg","contentUrl":"https:\/\/ralupaint.it\/wp-content\/uploads\/2024\/01\/IMG_5102-scaled.jpeg","width":1920,"height":2560,"caption":"Re del bosco"},{"@type":"BreadcrumbList","@id":"https:\/\/ralupaint.it\/opere\/king-deer-re-del-bosco-ralupaint\/#breadcrumb","itemListElement":[{"@type":"ListItem","position":1,"name":"Home","item":"https:\/\/ralupaint.it\/"},{"@type":"ListItem","position":2,"name":"Shop","item":"https:\/\/ralupaint.it\/shop-acquista-commissiona-quadro\/"},{"@type":"ListItem","position":3,"name":"King Deer"}]},{"@type":"WebSite","@id":"https:\/\/ralupaint.it\/#website","url":"https:\/\/ralupaint.it\/","name":"Ralu Paint","description":"Innovation is stART - Quadri Materici e Figurativi","publisher":{"@id":"https:\/\/ralupaint.it\/#organization"},"potentialAction":[{"@type":"SearchAction","target":{"@type":"EntryPoint","urlTemplate":"https:\/\/ralupaint.it\/?s={search_term_string}"},"query-input":{"@type":"PropertyValueSpecification","valueRequired":true,"valueName":"search_term_string"}}],"inLanguage":"en-GB"},{"@type":"Organization","@id":"https:\/\/ralupaint.it\/#organization","name":"Ralu Paint","url":"https:\/\/ralupaint.it\/","logo":{"@type":"ImageObject","inLanguage":"en-GB","@id":"https:\/\/ralupaint.it\/#\/schema\/logo\/image\/","url":"https:\/\/ralupaint.it\/wp-content\/uploads\/2022\/02\/cropped-Ralu_logo.png","contentUrl":"https:\/\/ralupaint.it\/wp-content\/uploads\/2022\/02\/cropped-Ralu_logo.png","width":512,"height":512,"caption":"Ralu Paint"},"image":{"@id":"https:\/\/ralupaint.it\/#\/schema\/logo\/image\/"},"sameAs":["https:\/\/www.facebook.com\/profile.php?id=100063968623479","https:\/\/www.pinterest.it\/ralu_paint\/","https:\/\/instagram.com\/ralu_paint"]}]}},"_links":{"self":[{"href":"https:\/\/ralupaint.it\/eng\/wp-json\/wp\/v2\/product\/10906","targetHints":{"allow":["GET"]}}],"collection":[{"href":"https:\/\/ralupaint.it\/eng\/wp-json\/wp\/v2\/product"}],"about":[{"href":"https:\/\/ralupaint.it\/eng\/wp-json\/wp\/v2\/types\/product"}],"version-history":[{"count":0,"href":"https:\/\/ralupaint.it\/eng\/wp-json\/wp\/v2\/product\/10906\/revisions"}],"wp:featuredmedia":[{"embeddable":true,"href":"https:\/\/ralupaint.it\/eng\/wp-json\/wp\/v2\/media\/11010"}],"wp:attachment":[{"href":"https:\/\/ralupaint.it\/eng\/wp-json\/wp\/v2\/media?parent=10906"}],"wp:term":[{"taxonomy":"product_brand","embeddable":true,"href":"https:\/\/ralupaint.it\/eng\/wp-json\/wp\/v2\/product_brand?post=10906"},{"taxonomy":"product_cat","embeddable":true,"href":"https:\/\/ralupaint.it\/eng\/wp-json\/wp\/v2\/product_cat?post=10906"},{"taxonomy":"product_tag","embeddable":true,"href":"https:\/\/ralupaint.it\/eng\/wp-json\/wp\/v2\/product_tag?post=10906"}],"curies":[{"name":"wp","href":"https:\/\/api.w.org\/{rel}","templated":true}]}}